{"id":756,"date":"2023-03-15T13:42:06","date_gmt":"2023-03-15T12:42:06","guid":{"rendered":"https:\/\/bosch.entstehthier.de\/produkt\/bosch-rg-4-0\/"},"modified":"2024-06-26T16:18:30","modified_gmt":"2024-06-26T14:18:30","slug":"bosch-rg-4-0","status":"publish","type":"product","link":"https:\/\/bosch.entstehthier.de\/en\/produkt\/bosch-rg-4-0\/","title":{"rendered":"Bosch RG 4.0"},"content":{"rendered":"<p>[et_pb_section fb_built=&#8221;1&#8243; theme_builder_area=&#8221;post_content&#8221; _builder_version=&#8221;4.25.2&#8243; _module_preset=&#8221;default&#8221;][\/et_pb_section]<\/p>\n","protected":false},"excerpt":{"rendered":"<div class=\"container-fluid\">\n<div class=\"row product-filter-target productlist productlist-viewmode productlist-viewmode-list\">\n<div class=\"product-container\" data-index=\"productlist_145\">\n<form class=\"product-tile no-status-check\">\n<div class=\"inside\">\n<div class=\"content-container\">\n<div class=\"content-container-inner\">\n<div class=\"title-description \">\n<div class=\"description hidden-grid\">High Pressure Recovery Unit<\/div>\n<\/div>\n<\/div>\n<\/div>\n<\/div>\n<\/form>\n<\/div>\n<\/div>\n<\/div>\n","protected":false},"featured_media":1540,"template":"","meta":{"_et_pb_use_builder":"on","_et_pb_old_content":"<h4>Professional industrial design<\/h4>\r\n<ul>\r\n \t<li>Tool for professional applications.<\/li>\r\n \t<li>Robust and impact resistant.<\/li>\r\n \t<li>Stable and reliable operation.<\/li>\r\n \t<li>Single cylinder compressor stable, reliable and oilless.<\/li>\r\n \t<li>Handle over-molded with rubber (TPE) for a reliable grip.<\/li>\r\n \t<li>Bottom mount assembly and layout for enhanced serviceability.<\/li>\r\n \t<li>Protective cover keeps dirt away from gauges and controls.<\/li>\r\n \t<li>Electrical and refrigerant line connections on opposite ends.<\/li>\r\n \t<li>Specially designed mounts and feet to provide stability, noise and vibration isolation.<\/li>\r\n \t<li>High displacement electrical fan draws fresh air first through the condensor for improved recovery rates in extreme conditions.<\/li>\r\n \t<li>Low pressure switch for smooth operation. Cuts off when ideal vacuum level is reached thereby preventing unnecessary operation and reducing wear. <\/li>\r\n \t<li>Automatic reset HP cut-out protects the equipment and operator.<\/li>\r\n \t<li>Geeignet f\u00fcr fast alle g\u00e4ngigen K\u00e4ltemittel inkl. A2L + A3. <\/li>\r\n<\/ul>\r\n<h4>Industrial rotary switch<\/h4>\r\n<img class=\"alignnone wp-image-91\" src=\"https:\/\/bosch.entstehthier.de\/wp-content\/uploads\/2023\/03\/drehschalter.jpg\" alt=\"\" width=\"120\" height=\"108\"> (double contacts)\r\n<ul>\r\n \t<li>Offers simple single switch operation and provides years of reliable use.<\/li>\r\n<\/ul>\r\n<h4>High capacity IEC connection<\/h4>\r\n<img class=\"alignnone size-full wp-image-95\" src=\"https:\/\/bosch.entstehthier.de\/wp-content\/uploads\/2023\/03\/stromanschluss.jpg\" alt=\"\" width=\"100\" height=\"100\">\r\n<ul>\r\n \t<li>High capacity IEC connection ensures safe operation.<\/li>\r\n \t<li>Positioned along with minibreaker at rear side of unit.<\/li>\r\n \t<li>Professional wiring according automotive standards.<\/li>\r\n<\/ul>\r\n<h4>Push to reset Circuit breaker<\/h4>\r\n<img class=\"alignnone size-full wp-image-97\" src=\"https:\/\/bosch.entstehthier.de\/wp-content\/uploads\/2023\/03\/sicherung.jpg\" alt=\"\" width=\"100\" height=\"100\">\r\n<ul>\r\n \t<li>Approved to international standards.<\/li>\r\n<\/ul>\r\n<h4>Easy Condenser Maintenance<\/h4>\r\n<img class=\"alignnone size-full wp-image-93\" src=\"https:\/\/bosch.entstehthier.de\/wp-content\/uploads\/2023\/03\/radiator.jpg\" alt=\"\" width=\"100\" height=\"100\">\r\n<ul>\r\n \t<li>Condenser is easily accessible simply by opening the front grill.<\/li>\r\n \t<li>Permits quick and safe cleaning.<\/li>\r\n \t<li>No disassembly of the enclosure and other components required.<\/li>\r\n<\/ul>","_et_gb_content_width":"","iawp_total_views":1227},"pwb-brand":[38],"product_brand":[],"product_cat":[66,25],"product_tag":[67,79],"class_list":{"0":"post-756","1":"product","2":"type-product","3":"status-publish","4":"has-post-thumbnail","6":"pwb-brand-bosch","7":"product_cat-a2l-a3-products","8":"product_cat-recovery_units","9":"product_tag-a2l-en","10":"product_tag-a3-en","12":"first","13":"instock","14":"shipping-taxable","15":"product-type-simple"},"brands":[{"id":38,"name":"BOSCH","slug":"bosch"}],"_links":{"self":[{"href":"https:\/\/bosch.entstehthier.de\/en\/wp-json\/wp\/v2\/product\/756","targetHints":{"allow":["GET"]}}],"collection":[{"href":"https:\/\/bosch.entstehthier.de\/en\/wp-json\/wp\/v2\/product"}],"about":[{"href":"https:\/\/bosch.entstehthier.de\/en\/wp-json\/wp\/v2\/types\/product"}],"wp:featuredmedia":[{"embeddable":true,"href":"https:\/\/bosch.entstehthier.de\/en\/wp-json\/wp\/v2\/media\/1540"}],"wp:attachment":[{"href":"https:\/\/bosch.entstehthier.de\/en\/wp-json\/wp\/v2\/media?parent=756"}],"wp:term":[{"taxonomy":"pwb-brand","embeddable":true,"href":"https:\/\/bosch.entstehthier.de\/en\/wp-json\/wp\/v2\/pwb-brand?post=756"},{"taxonomy":"product_brand","embeddable":true,"href":"https:\/\/bosch.entstehthier.de\/en\/wp-json\/wp\/v2\/product_brand?post=756"},{"taxonomy":"product_cat","embeddable":true,"href":"https:\/\/bosch.entstehthier.de\/en\/wp-json\/wp\/v2\/product_cat?post=756"},{"taxonomy":"product_tag","embeddable":true,"href":"https:\/\/bosch.entstehthier.de\/en\/wp-json\/wp\/v2\/product_tag?post=756"}],"curies":[{"name":"wp","href":"https:\/\/api.w.org\/{rel}","templated":true}]}}